{"id":98,"date":"2026-02-26T19:49:34","date_gmt":"2026-02-26T19:49:34","guid":{"rendered":"http:\/\/www.ieducativa.revistacitrico.com\/?page_id=98"},"modified":"2026-02-27T19:31:56","modified_gmt":"2026-02-27T19:31:56","slug":"diplomados","status":"publish","type":"page","link":"https:\/\/www.ieducativa.revistacitrico.com\/index.php\/diplomados\/","title":{"rendered":"Diplomados"},"content":{"rendered":"<p>[et_pb_section fb_built=\u00bb1&#8243; admin_label=\u00bbLanding Hero\u00bb _builder_version=\u00bb4.27.5&#8243; use_background_color_gradient=\u00bbon\u00bb background_color_gradient_stops=\u00bb#474ab6 0%|#9271f6 100%\u00bb background_color_gradient_start=\u00bb#474ab6&#8243; background_color_gradient_end=\u00bb#9271f6&#8243; background_image=\u00bbhttp:\/\/www.ieducativa.revistacitrico.com\/wp-content\/uploads\/2026\/02\/coding-background-texture.jpg\u00bb background_blend=\u00bboverlay\u00bb custom_margin=\u00bb||-89px|||\u00bb custom_padding=\u00bb100px|0px|92px|0px||\u00bb top_divider_style=\u00bbmountains2&#8243; top_divider_color=\u00bb#8300E9&#8243; animation_style=\u00bbslide\u00bb animation_direction=\u00bbtop\u00bb animation_intensity_slide=\u00bb2%\u00bb locked=\u00bboff\u00bb global_colors_info=\u00bb{}\u00bb][et_pb_row column_structure=\u00bb1_2,1_2&#8243; _builder_version=\u00bb4.16&#8243; custom_margin=\u00bb|auto|-38px|auto||\u00bb custom_width_px=\u00bb1280px\u00bb global_colors_info=\u00bb{}\u00bb][et_pb_column type=\u00bb1_2&#8243; _builder_version=\u00bb4.16&#8243; custom_padding=\u00bb|||\u00bb global_colors_info=\u00bb{}\u00bb custom_padding__hover=\u00bb|||\u00bb][et_pb_text _builder_version=\u00bb4.16&#8243; header_font=\u00bb|on|||\u00bb header_font_size=\u00bb42px\u00bb header_line_height=\u00bb1.3em\u00bb background_layout=\u00bbdark\u00bb custom_padding=\u00bb|||\u00bb header_font_size_last_edited=\u00bboff|desktop\u00bb locked=\u00bboff\u00bb global_colors_info=\u00bb{}\u00bb]<\/p>\n<h1>DIPLOMADOS<\/h1>\n<p>&nbsp;<\/p>\n<p>[\/et_pb_text][\/et_pb_column][et_pb_column type=\u00bb1_2&#8243; _builder_version=\u00bb4.16&#8243; custom_padding=\u00bb|||\u00bb global_colors_info=\u00bb{}\u00bb custom_padding__hover=\u00bb|||\u00bb][\/et_pb_column][\/et_pb_row][\/et_pb_section][et_pb_section fb_built=\u00bb1&#8243; specialty=\u00bbon\u00bb admin_label=\u00bbAll Courses\u00bb _builder_version=\u00bb4.27.5&#8243; use_background_color_gradient=\u00bbon\u00bb background_color_gradient_stops=\u00bb#f2f2f2 0%|rgba(88,41,206,0.12) 98%\u00bb min_height=\u00bb944.1px\u00bb custom_padding=\u00bb14px|0px|100px|0px||\u00bb locked=\u00bboff\u00bb global_colors_info=\u00bb{}\u00bb][et_pb_column type=\u00bb1_3&#8243; _builder_version=\u00bb4.16&#8243; custom_padding=\u00bb|||\u00bb global_colors_info=\u00bb{}\u00bb parallax__hover=\u00bboff\u00bb parallax_method__hover=\u00bbon\u00bb custom_padding__hover=\u00bb|||\u00bb][et_pb_text _builder_version=\u00bb4.27.5&#8243; header_font=\u00bb||||||||\u00bb header_2_font=\u00bb|700|||||||\u00bb header_2_text_color=\u00bb#7272ff\u00bb header_2_font_size=\u00bb36px\u00bb header_2_line_height=\u00bb1.3em\u00bb custom_margin=\u00bb||20px|\u00bb animation_style=\u00bbslide\u00bb animation_direction=\u00bbbottom\u00bb animation_intensity_slide=\u00bb10%\u00bb locked=\u00bboff\u00bb global_colors_info=\u00bb{}\u00bb header_font_size__hover=\u00bb30px\u00bb header_font_size__hover_enabled=\u00bb30px\u00bb header_letter_spacing__hover=\u00bb0px\u00bb header_letter_spacing__hover_enabled=\u00bb0px\u00bb header_text_shadow_style__hover=\u00bbnone\u00bb header_text_shadow_style__hover_enabled=\u00bbnone\u00bb header_text_shadow_color__hover=\u00bbrgba(0,0,0,0.4)\u00bb header_text_shadow_color__hover_enabled=\u00bbrgba(0,0,0,0.4)\u00bb]<\/p>\n<h2>Diplomados<\/h2>\n<p>[\/et_pb_text][et_pb_divider color=\u00bb#09e1c0&#8243; divider_weight=\u00bb4px\u00bb disabled_on=\u00bbon|on|off\u00bb _builder_version=\u00bb4.27.5&#8243; background_size=\u00bbinitial\u00bb background_position=\u00bbtop_left\u00bb background_repeat=\u00bbrepeat\u00bb max_width=\u00bb40px\u00bb module_alignment=\u00bbleft\u00bb custom_margin=\u00bb||10px|\u00bb animation_style=\u00bbzoom\u00bb animation_direction=\u00bbleft\u00bb saved_tabs=\u00bball\u00bb locked=\u00bboff\u00bb global_colors_info=\u00bb{}\u00bb][\/et_pb_divider][et_pb_text _builder_version=\u00bb4.27.5&#8243; text_font=\u00bb||||||||\u00bb text_text_color=\u00bb#0C71C3&#8243; text_font_size=\u00bb16px\u00bb text_line_height=\u00bb1.9em\u00bb header_font=\u00bb||||||||\u00bb header_4_font=\u00bb|700|||||||\u00bb header_4_font_size=\u00bb16px\u00bb header_4_line_height=\u00bb1.9em\u00bb background_color=\u00bb#d6d6d6&#8243; text_orientation=\u00bbcenter\u00bb animation_style=\u00bbzoom\u00bb animation_intensity_zoom=\u00bb6%\u00bb locked=\u00bboff\u00bb global_colors_info=\u00bb{}\u00bb]<\/p>\n<div class=\"hf-elementor-layout elementor-element elementor-element-9dabf80 elementor-widget elementor-widget-heading\" data-id=\"9dabf80\" data-element_type=\"widget\" data-e-type=\"widget\" data-widget_type=\"heading.default\">\n<h2 class=\"elementor-heading-title elementor-size-default\" style=\"text-align: left;\"><span style=\"font-size: 16px; font-weight: bold;\">\u00a0 Horario de los Diplomados<\/span><\/h2>\n<div class=\"hf-elementor-layout elementor-element elementor-element-400bf993 elementor-widget elementor-widget-text-editor\" data-id=\"400bf993\" data-element_type=\"widget\" data-e-type=\"widget\" data-widget_type=\"text-editor.default\">\n<div style=\"text-align: left;\">\n<table border=\"1\" style=\"border-collapse: collapse; width: 101.942%;\" height=\"66\">\n<tbody>\n<tr>\n<td style=\"width: 100%;\">\n<div class=\"hf-elementor-layout elementor-element elementor-element-400bf993 elementor-widget elementor-widget-text-editor\" data-id=\"400bf993\" data-element_type=\"widget\" data-e-type=\"widget\" data-widget_type=\"text-editor.default\">\n<div style=\"text-align: left;\">Horario a Convenir con el estudiante<\/div>\n<\/div>\n<div class=\"hf-elementor-layout elementor-element elementor-element-933e3ee elementor-widget elementor-widget-text-editor\" data-id=\"933e3ee\" data-element_type=\"widget\" data-e-type=\"widget\" data-widget_type=\"text-editor.default\">\n<div style=\"text-align: left;\">Modalidad Presencial\/Virtual<\/div>\n<\/div>\n<\/td>\n<\/tr>\n<\/tbody>\n<\/table>\n<\/div>\n<\/div>\n<\/div>\n<p>[\/et_pb_text][et_pb_image src=\u00bbhttp:\/\/www.ieducativa.revistacitrico.com\/wp-content\/uploads\/2026\/02\/ki-13-1-768&#215;599-1.jpg\u00bb title_text=\u00bbki-13-1-768&#215;599&#8243; show_bottom_space=\u00bboff\u00bb _builder_version=\u00bb4.27.5&#8243; _module_preset=\u00bbdefault\u00bb max_width=\u00bb100%\u00bb height=\u00bb657px\u00bb max_height=\u00bb1000px\u00bb custom_margin=\u00bb60px||||false|false\u00bb hover_enabled=\u00bb0&#8243; global_colors_info=\u00bb{}\u00bb sticky_enabled=\u00bb0&#8243;][\/et_pb_image][et_pb_image src=\u00bbhttp:\/\/www.ieducativa.revistacitrico.com\/wp-content\/uploads\/2026\/02\/pexels-cosmetica-academy-2149795492-31613322-scaled.jpg\u00bb title_text=\u00bbpexels-cosmetica-academy-2149795492-31613322&#8243; _builder_version=\u00bb4.27.5&#8243; _module_preset=\u00bbdefault\u00bb min_height=\u00bb638px\u00bb max_height=\u00bb997px\u00bb custom_margin=\u00bb50px||50px||true|false\u00bb hover_enabled=\u00bb0&#8243; global_colors_info=\u00bb{}\u00bb sticky_enabled=\u00bb0&#8243; align=\u00bbcenter\u00bb][\/et_pb_image][\/et_pb_column][et_pb_column type=\u00bb2_3&#8243; specialty_columns=\u00bb2&#8243; _builder_version=\u00bb4.16&#8243; custom_padding=\u00bb|||\u00bb global_colors_info=\u00bb{}\u00bb parallax__hover=\u00bboff\u00bb parallax_method__hover=\u00bbon\u00bb custom_padding__hover=\u00bb|||\u00bb][et_pb_row_inner use_custom_gutter=\u00bbon\u00bb gutter_width=\u00bb1&#8243; _builder_version=\u00bb4.27.5&#8243; width=\u00bb100%\u00bb max_width=\u00bb100%\u00bb custom_margin=\u00bb|-47px|||false|false\u00bb custom_padding=\u00bb0px|0px|0px|0px\u00bb animation_style=\u00bbzoom\u00bb animation_intensity_zoom=\u00bb6%\u00bb box_shadow_style=\u00bbpreset1&#8243; box_shadow_vertical=\u00bb10px\u00bb box_shadow_blur=\u00bb60px\u00bb box_shadow_color=\u00bbrgba(71,74,182,0.12)\u00bb global_colors_info=\u00bb{}\u00bb][et_pb_column_inner saved_specialty_column_type=\u00bb2_3&#8243; module_class=\u00bbet_pb_column_1_2&#8243; _builder_version=\u00bb4.16&#8243; custom_padding=\u00bb|||\u00bb global_colors_info=\u00bb{}\u00bb parallax__hover=\u00bboff\u00bb parallax_method__hover=\u00bbon\u00bb module_class__hover=\u00bbet_pb_column_1_2&#8243; custom_padding__hover=\u00bb|||\u00bb][et_pb_blurb title=\u00bbDiplomado en Unidad De cuidados Intensivos\u00bb url=\u00bb#\u00bb image=\u00bbhttp:\/\/www.ieducativa.revistacitrico.com\/wp-content\/uploads\/2026\/02\/coding-icon_8.jpg\u00bb icon_placement=\u00bbleft\u00bb image_icon_width=\u00bb64px\u00bb content_max_width=\u00bb1100px\u00bb _builder_version=\u00bb4.27.5&#8243; header_font=\u00bb|on|||\u00bb header_text_color=\u00bb#2e2545&#8243; header_line_height=\u00bb1.5em\u00bb body_text_color=\u00bb#8585bd\u00bb body_line_height=\u00bb1.9em\u00bb background_color=\u00bb#ffffff\u00bb custom_margin=\u00bb|1px||||\u00bb custom_padding=\u00bb30px|30px|0px|0px||\u00bb animation_style=\u00bbzoom\u00bb animation_direction=\u00bbbottom\u00bb animation_intensity_zoom=\u00bb20%\u00bb animation_starting_opacity=\u00bb100%\u00bb box_shadow_style=\u00bbpreset7&#8243; box_shadow_horizontal=\u00bb-1px\u00bb box_shadow_vertical=\u00bb-1px\u00bb box_shadow_color=\u00bbrgba(71,74,182,0.12)\u00bb image_max_width=\u00bb64px\u00bb locked=\u00bboff\u00bb global_colors_info=\u00bb{}\u00bb]<\/p>\n<p><span style=\"font-size: 14px;\"><span>\u00a0 La unidad de cuidados intensivos es un servicio intrahospitalario y esencial de todo Centro Hospitalario, en la cual se encuentran pacientes en un estado cr\u00edtico. Es aqu\u00ed cuando nace la necesidad de capacitar a profesionales de la salud en los cuidados y atenciones integrales que se les brinda a estos pacientes que se encuentran en esta situaci\u00f3n ya sea por una enfermedad, trauma o por la recuperaci\u00f3n de una cirug\u00eda<\/span><\/span><\/p>\n<p><span style=\"font-size: 14px;\"> \u00a0Valor del Diplomado\u00a0 \u00a0 \u00a0 \u00a0 \u00a0 Duraci\u00f3n\u00a0 \u00a0 \u00a0 \u00a0 \u00a0 \u00a0 \u00a0 \u00a0 \u00a0 \u00a0 \u00a0 \u00a0 \u00a0Modalidad\u00a0<\/span><\/p>\n<div class=\"hf-elementor-layout elementor-element elementor-element-b789fa2 elementor-widget elementor-widget-heading\" data-id=\"b789fa2\" data-element_type=\"widget\" data-e-type=\"widget\" data-widget_type=\"heading.default\">\n<h2 class=\"elementor-heading-title elementor-size-default\">\u00a0$120.000\u00a0 \u00a0 \u00a0 \u00a0 40 Horas\u00a0 \u00a0 \u00a0 Presencial-virtual\u00a0\u00a0<\/h2>\n<p>&nbsp;<\/p>\n<\/div>\n<p>[\/et_pb_blurb][et_pb_blurb title=\u00bbDiplomado<br \/>\nEn atenci\u00f3n PRE-HOSPITALARIA\u00bb url=\u00bb#\u00bb image=\u00bbhttp:\/\/www.ieducativa.revistacitrico.com\/wp-content\/uploads\/2026\/02\/coding-icon_8.jpg\u00bb icon_placement=\u00bbleft\u00bb image_icon_width=\u00bb64px\u00bb content_max_width=\u00bb1100px\u00bb _builder_version=\u00bb4.27.5&#8243; header_font=\u00bb|on|||\u00bb header_text_color=\u00bb#2e2545&#8243; header_line_height=\u00bb1.5em\u00bb body_text_color=\u00bb#8585bd\u00bb body_line_height=\u00bb1.9em\u00bb background_color=\u00bb#ffffff\u00bb custom_margin=\u00bb|1px||||\u00bb custom_padding=\u00bb30px|30px|0px|0px||\u00bb animation_style=\u00bbzoom\u00bb animation_direction=\u00bbbottom\u00bb animation_intensity_zoom=\u00bb20%\u00bb animation_starting_opacity=\u00bb100%\u00bb box_shadow_style=\u00bbpreset7&#8243; box_shadow_horizontal=\u00bb-1px\u00bb box_shadow_vertical=\u00bb-1px\u00bb box_shadow_color=\u00bbrgba(71,74,182,0.12)\u00bb image_max_width=\u00bb64px\u00bb locked=\u00bboff\u00bb global_colors_info=\u00bb{}\u00bb]<\/p>\n<p><span>La actualizaci\u00f3n en temas, sobre atenci\u00f3n de urgencias es una necesidad continua y din\u00e1mica que intenta disminuir los riesgos de complicaciones, discapacidad y muerte de los pacientes a nivel pre- hospitalario<\/span><\/p>\n<p><span style=\"font-size: 14px;\">\u00a0 \u00a0Valor del Diplomado\u00a0 \u00a0 \u00a0 \u00a0 Duraci\u00f3n\u00a0 \u00a0 \u00a0 \u00a0 \u00a0 \u00a0 \u00a0 \u00a0 \u00a0 \u00a0 \u00a0 \u00a0 \u00a0Modalidad\u00a0<\/span><\/p>\n<div class=\"hf-elementor-layout elementor-element elementor-element-b789fa2 elementor-widget elementor-widget-heading\" data-id=\"b789fa2\" data-element_type=\"widget\" data-e-type=\"widget\" data-widget_type=\"heading.default\">\n<h2 class=\"elementor-heading-title elementor-size-default\">\u00a0$350.000\u00a0 \u00a0 \u00a0 \u00a0 60 Horas\u00a0 \u00a0 \u00a0 Presencial-virtual\u00a0\u00a0<\/h2>\n<p>&nbsp;<\/p>\n<\/div>\n<p>[\/et_pb_blurb][et_pb_blurb title=\u00bbAtenci\u00f3n a V\u00edctimas de Violencia Sexual\u00bb url=\u00bb#\u00bb image=\u00bbhttp:\/\/www.ieducativa.revistacitrico.com\/wp-content\/uploads\/2026\/02\/coding-icon_8.jpg\u00bb icon_placement=\u00bbleft\u00bb image_icon_width=\u00bb64px\u00bb content_max_width=\u00bb1100px\u00bb _builder_version=\u00bb4.27.5&#8243; header_font=\u00bb|on|||\u00bb header_text_color=\u00bb#2e2545&#8243; header_line_height=\u00bb1.5em\u00bb body_text_color=\u00bb#8585bd\u00bb body_line_height=\u00bb1.9em\u00bb background_color=\u00bb#ffffff\u00bb custom_margin=\u00bb|1px||||\u00bb custom_padding=\u00bb30px|30px|0px|0px||\u00bb animation_style=\u00bbzoom\u00bb animation_direction=\u00bbbottom\u00bb animation_intensity_zoom=\u00bb20%\u00bb animation_starting_opacity=\u00bb100%\u00bb box_shadow_style=\u00bbpreset7&#8243; box_shadow_horizontal=\u00bb-1px\u00bb box_shadow_vertical=\u00bb-1px\u00bb box_shadow_color=\u00bbrgba(71,74,182,0.12)\u00bb image_max_width=\u00bb64px\u00bb locked=\u00bboff\u00bb global_colors_info=\u00bb{}\u00bb]<\/p>\n<p><span>Brindar al personal de salud una herramienta metodol\u00f3gica y conceptual, con los criterios b\u00e1sicos e indispensables para el abordaje integral de las VVS, que se garantice una atenci\u00f3n con calidad y el restablecimiento de los derechos de las v\u00edctimas.<\/span><\/p>\n<p><span style=\"font-size: 14px;\">\u00a0 Valor del Diplomado\u00a0 \u00a0 \u00a0Duraci\u00f3n\u00a0 \u00a0 \u00a0 \u00a0 \u00a0 \u00a0 \u00a0 \u00a0 \u00a0 \u00a0 \u00a0 \u00a0 \u00a0Modalidad\u00a0<\/span><\/p>\n<div class=\"hf-elementor-layout elementor-element elementor-element-b789fa2 elementor-widget elementor-widget-heading\" data-id=\"b789fa2\" data-element_type=\"widget\" data-e-type=\"widget\" data-widget_type=\"heading.default\">\n<h2 class=\"elementor-heading-title elementor-size-default\">\u00a0$60.000\u00a0 \u00a0 \u00a0 \u00a0 20 Horas\u00a0 \u00a0 \u00a0 Presencial-virtual\u00a0\u00a0<\/h2>\n<p>&nbsp;<\/p>\n<\/div>\n<p>[\/et_pb_blurb][et_pb_blurb title=\u00bbAtenci\u00f3n A Victimas<br \/>\nDe Ataque Con Agentes Qu\u00edmicos\u00bb url=\u00bb#\u00bb image=\u00bbhttp:\/\/www.ieducativa.revistacitrico.com\/wp-content\/uploads\/2026\/02\/coding-icon_8.jpg\u00bb icon_placement=\u00bbleft\u00bb image_icon_width=\u00bb64px\u00bb content_max_width=\u00bb1100px\u00bb _builder_version=\u00bb4.27.5&#8243; header_font=\u00bb|on|||\u00bb header_text_color=\u00bb#2e2545&#8243; header_line_height=\u00bb1.5em\u00bb body_text_color=\u00bb#8585bd\u00bb body_line_height=\u00bb1.9em\u00bb background_color=\u00bb#ffffff\u00bb custom_margin=\u00bb|1px||||\u00bb custom_padding=\u00bb30px|30px|0px|0px||\u00bb animation_style=\u00bbzoom\u00bb animation_direction=\u00bbbottom\u00bb animation_intensity_zoom=\u00bb20%\u00bb animation_starting_opacity=\u00bb100%\u00bb box_shadow_style=\u00bbpreset7&#8243; box_shadow_horizontal=\u00bb-1px\u00bb box_shadow_vertical=\u00bb-1px\u00bb box_shadow_color=\u00bbrgba(71,74,182,0.12)\u00bb image_max_width=\u00bb64px\u00bb locked=\u00bboff\u00bb global_colors_info=\u00bb{}\u00bb]<\/p>\n<p><span>Adquirir conocimientos para mejorar la atenci\u00f3n oportuna a una v\u00edctima por ataque de agentes qu\u00edmicos y que los profesionales adopten medidas de seguridad para la v\u00edctima. Con habilidades y asegurar que la atenci\u00f3n que se brindar\u00e1 a quien fue expuesto a un qu\u00edmico logre disminuir el riesgo de que pierda la vida<\/span><\/p>\n<p><span style=\"font-size: 14px;\">\u00a0 Valor del Diplomado\u00a0 \u00a0 \u00a0 Duraci\u00f3n\u00a0 \u00a0 \u00a0 \u00a0 \u00a0 \u00a0 \u00a0 \u00a0 \u00a0 \u00a0 \u00a0 \u00a0 Modalidad\u00a0<\/span><\/p>\n<div class=\"hf-elementor-layout elementor-element elementor-element-b789fa2 elementor-widget elementor-widget-heading\" data-id=\"b789fa2\" data-element_type=\"widget\" data-e-type=\"widget\" data-widget_type=\"heading.default\">\n<h2 class=\"elementor-heading-title elementor-size-default\">\u00a0$60.000\u00a0 \u00a0 \u00a0 \u00a0 40 Horas\u00a0 \u00a0 \u00a0 Presencial-virtual\u00a0\u00a0<\/h2>\n<p>&nbsp;<\/p>\n<\/div>\n<p>[\/et_pb_blurb][et_pb_blurb title=\u00bbAtenci\u00f3n Integral En Enfermedades<br \/>\nPrevalentes En Primera infancia (AIEPI)\u00bb url=\u00bb#\u00bb image=\u00bbhttp:\/\/www.ieducativa.revistacitrico.com\/wp-content\/uploads\/2026\/02\/coding-icon_8.jpg\u00bb icon_placement=\u00bbleft\u00bb image_icon_width=\u00bb64px\u00bb content_max_width=\u00bb1100px\u00bb _builder_version=\u00bb4.27.5&#8243; header_font=\u00bb|on|||\u00bb header_text_color=\u00bb#2e2545&#8243; header_line_height=\u00bb1.5em\u00bb body_text_color=\u00bb#8585bd\u00bb body_line_height=\u00bb1.9em\u00bb background_color=\u00bb#ffffff\u00bb custom_margin=\u00bb|1px||||\u00bb custom_padding=\u00bb30px|30px|0px|0px||\u00bb animation_style=\u00bbzoom\u00bb animation_direction=\u00bbbottom\u00bb animation_intensity_zoom=\u00bb20%\u00bb animation_starting_opacity=\u00bb100%\u00bb box_shadow_style=\u00bbpreset7&#8243; box_shadow_horizontal=\u00bb-1px\u00bb box_shadow_vertical=\u00bb-1px\u00bb box_shadow_color=\u00bbrgba(71,74,182,0.12)\u00bb image_max_width=\u00bb64px\u00bb locked=\u00bboff\u00bb global_colors_info=\u00bb{}\u00bb]<\/p>\n<p><span>Busca incorporar en los servicios de salud una evaluaci\u00f3n integrada e integral de los ni\u00f1os cuando entran en contacto con un profesional o t\u00e9cnico en salud, ya sea en una instituci\u00f3n o en la comunidad y as\u00ed mismo, incluir dentro de las acciones cotidianas de distintos actores sociales, actividades de promoci\u00f3n de la salud y prevenci\u00f3n de la enfermedad.<\/span><\/p>\n<p><span style=\"font-size: 14px;\">\u00a0 Valor del Diplomado\u00a0 \u00a0 \u00a0\u00a0 Duraci\u00f3n\u00a0 \u00a0 \u00a0 \u00a0 \u00a0 \u00a0 \u00a0 \u00a0 \u00a0 \u00a0 \u00a0 \u00a0Modalidad\u00a0<\/span><\/p>\n<div class=\"hf-elementor-layout elementor-element elementor-element-b789fa2 elementor-widget elementor-widget-heading\" data-id=\"b789fa2\" data-element_type=\"widget\" data-e-type=\"widget\" data-widget_type=\"heading.default\">\n<h2 class=\"elementor-heading-title elementor-size-default\">\u00a0$80.000\u00a0 \u00a0 \u00a0 \u00a0 40 Horas\u00a0 \u00a0 \u00a0 Presencial-virtual\u00a0\u00a0<\/h2>\n<p>&nbsp;<\/p>\n<\/div>\n<p>[\/et_pb_blurb][et_pb_blurb title=\u00bbModelo De Atencion Para Eventos<br \/>\nEmergentes En Salud Mental (CODIGO VERDE)\u00bb url=\u00bb#\u00bb image=\u00bbhttp:\/\/www.ieducativa.revistacitrico.com\/wp-content\/uploads\/2026\/02\/coding-icon_8.jpg\u00bb icon_placement=\u00bbleft\u00bb image_icon_width=\u00bb64px\u00bb content_max_width=\u00bb1100px\u00bb _builder_version=\u00bb4.27.5&#8243; header_font=\u00bb|on|||\u00bb header_text_color=\u00bb#2e2545&#8243; header_line_height=\u00bb1.5em\u00bb body_text_color=\u00bb#8585bd\u00bb body_line_height=\u00bb1.9em\u00bb background_color=\u00bb#ffffff\u00bb custom_margin=\u00bb|1px||||\u00bb custom_padding=\u00bb30px|30px|0px|0px||\u00bb animation_style=\u00bbzoom\u00bb animation_direction=\u00bbbottom\u00bb animation_intensity_zoom=\u00bb20%\u00bb animation_starting_opacity=\u00bb100%\u00bb box_shadow_style=\u00bbpreset7&#8243; box_shadow_horizontal=\u00bb-1px\u00bb box_shadow_vertical=\u00bb-1px\u00bb box_shadow_color=\u00bbrgba(71,74,182,0.12)\u00bb image_max_width=\u00bb64px\u00bb locked=\u00bboff\u00bb global_colors_info=\u00bb{}\u00bb]<\/p>\n<p><span>Estandarizar y estructurar procesos, protocolos, normas y metodolog\u00edas basadas en evidencia cient\u00edficamente comprobadas que busca como objetivo principal la minimizaci\u00f3n de eventos adversos durante la atenci\u00f3n de los pacientes a nivel hospitalario y Extra hospitalario.<\/span><\/p>\n<p><span style=\"font-size: 14px;\">\u00a0 Valor del Diplomado\u00a0 \u00a0 \u00a0 \u00a0Duraci\u00f3n\u00a0 \u00a0 \u00a0 \u00a0 \u00a0 \u00a0 \u00a0 \u00a0 \u00a0 \u00a0 \u00a0 \u00a0Modalidad\u00a0<\/span><\/p>\n<div class=\"hf-elementor-layout elementor-element elementor-element-b789fa2 elementor-widget elementor-widget-heading\" data-id=\"b789fa2\" data-element_type=\"widget\" data-e-type=\"widget\" data-widget_type=\"heading.default\">\n<h2 class=\"elementor-heading-title elementor-size-default\">\u00a0$60.000\u00a0 \u00a0 \u00a0 \u00a0 40 Horas\u00a0 \u00a0 \u00a0 Presencial-virtual\u00a0\u00a0<\/h2>\n<p>&nbsp;<\/p>\n<p>&nbsp;<\/p>\n<\/div>\n<p>[\/et_pb_blurb][\/et_pb_column_inner][\/et_pb_row_inner][\/et_pb_column][\/et_pb_section]<\/p>\n","protected":false},"excerpt":{"rendered":"<p>DIPLOMADOS &nbsp;Diplomados \u00a0 Horario de los Diplomados Horario a Convenir con el estudiante Modalidad Presencial\/Virtual \u00a0 La unidad de cuidados intensivos es un servicio intrahospitalario y esencial de todo Centro Hospitalario, en la cual se encuentran pacientes en un estado cr\u00edtico. Es aqu\u00ed cuando nace la necesidad de capacitar a profesionales de la salud en [&hellip;]<\/p>\n","protected":false},"author":1,"featured_media":0,"parent":0,"menu_order":0,"comment_status":"closed","ping_status":"closed","template":"","meta":{"_et_pb_use_builder":"on","_et_pb_old_content":"","_et_gb_content_width":"","footnotes":""},"class_list":["post-98","page","type-page","status-publish","hentry"],"_links":{"self":[{"href":"https:\/\/www.ieducativa.revistacitrico.com\/index.php\/wp-json\/wp\/v2\/pages\/98","targetHints":{"allow":["GET"]}}],"collection":[{"href":"https:\/\/www.ieducativa.revistacitrico.com\/index.php\/wp-json\/wp\/v2\/pages"}],"about":[{"href":"https:\/\/www.ieducativa.revistacitrico.com\/index.php\/wp-json\/wp\/v2\/types\/page"}],"author":[{"embeddable":true,"href":"https:\/\/www.ieducativa.revistacitrico.com\/index.php\/wp-json\/wp\/v2\/users\/1"}],"replies":[{"embeddable":true,"href":"https:\/\/www.ieducativa.revistacitrico.com\/index.php\/wp-json\/wp\/v2\/comments?post=98"}],"version-history":[{"count":11,"href":"https:\/\/www.ieducativa.revistacitrico.com\/index.php\/wp-json\/wp\/v2\/pages\/98\/revisions"}],"predecessor-version":[{"id":241583,"href":"https:\/\/www.ieducativa.revistacitrico.com\/index.php\/wp-json\/wp\/v2\/pages\/98\/revisions\/241583"}],"wp:attachment":[{"href":"https:\/\/www.ieducativa.revistacitrico.com\/index.php\/wp-json\/wp\/v2\/media?parent=98"}],"curies":[{"name":"wp","href":"https:\/\/api.w.org\/{rel}","templated":true}]}}