{"id":41,"date":"2026-02-14T15:54:42","date_gmt":"2026-02-14T15:54:42","guid":{"rendered":"https:\/\/www.ieducativa.revistacitrico.com\/?page_id=41"},"modified":"2026-02-27T19:48:49","modified_gmt":"2026-02-27T19:48:49","slug":"quienes-somos","status":"publish","type":"page","link":"https:\/\/www.ieducativa.revistacitrico.com\/index.php\/quienes-somos\/","title":{"rendered":"Quienes Somos"},"content":{"rendered":"<p>[et_pb_section fb_built=\u00bb1&#8243; _builder_version=\u00bb4.27.5&#8243; _module_preset=\u00bbdefault\u00bb background_color=\u00bbRGBA(255,255,255,0)\u00bb hover_enabled=\u00bb0&#8243; global_colors_info=\u00bb{}\u00bb sticky_enabled=\u00bb0&#8243; use_background_color_gradient=\u00bbon\u00bb background_color_gradient_stops=\u00bb#d6d6d6 0%|rgba(182,155,219,0.55) 99%\u00bb][et_pb_row _builder_version=\u00bb4.27.5&#8243; _module_preset=\u00bbdefault\u00bb hover_enabled=\u00bb0&#8243; global_colors_info=\u00bb{}\u00bb sticky_enabled=\u00bb0&#8243;][et_pb_column type=\u00bb4_4&#8243; _builder_version=\u00bb4.27.5&#8243; _module_preset=\u00bbdefault\u00bb global_colors_info=\u00bb{}\u00bb][et_pb_heading title=\u00bb                       Conoce la Familia CCS\u00bb _builder_version=\u00bb4.27.5&#8243; _module_preset=\u00bbdefault\u00bb custom_padding=\u00bb||0px|||\u00bb hover_enabled=\u00bb0&#8243; text_shadow_style=\u00bbpreset2&#8243; global_colors_info=\u00bb{}\u00bb sticky_enabled=\u00bb0&#8243; title_text_color=\u00bb#8300E9&#8243; title_font_size=\u00bb45px\u00bb][\/et_pb_heading][\/et_pb_column][\/et_pb_row][et_pb_row column_structure=\u00bb1_2,1_2&#8243; _builder_version=\u00bb4.27.5&#8243; _module_preset=\u00bbdefault\u00bb hover_enabled=\u00bb0&#8243; global_colors_info=\u00bb{}\u00bb sticky_enabled=\u00bb0&#8243; box_shadow_style=\u00bbpreset1&#8243;][et_pb_column type=\u00bb1_2&#8243; _builder_version=\u00bb4.27.5&#8243; _module_preset=\u00bbdefault\u00bb hover_enabled=\u00bb0&#8243; global_colors_info=\u00bb{}\u00bb sticky_enabled=\u00bb0&#8243;][et_pb_text _builder_version=\u00bb4.27.5&#8243; _module_preset=\u00bbdefault\u00bb hover_enabled=\u00bb0&#8243; border_radii=\u00bbon|4px|4px|4px|4px\u00bb global_colors_info=\u00bb{}\u00bb sticky_enabled=\u00bb0&#8243; custom_margin=\u00bb3px|||26px|false|false\u00bb]<\/p>\n<h4 class=\"iq-fancy-title iq-heading-title\"><strong>Nuestra Misi\u00f3n<\/strong><\/h4>\n<p class=\"fancy-box-content\">EL CENTRO DE CAPACITACION DEL SUR tiene como misi\u00f3n capacitar, formar y crear conciencia, para que diferentes profesionales de la salud y la comunidad en general adquiera habilidades y refuerce sus conocimientos en la atenci\u00f3n primaria y avanzada de un paciente a nivel intra-hospitalario con pre-hospitalario, en el cual se identifique que est\u00e1 en riesgo su vida, su salud f\u00edsica o mental, trabajando as\u00ed de acuerdo a la norma que lo est\u00edpula.<\/p>\n<p>[\/et_pb_text][\/et_pb_column][et_pb_column type=\u00bb1_2&#8243; _builder_version=\u00bb4.27.5&#8243; _module_preset=\u00bbdefault\u00bb global_colors_info=\u00bb{}\u00bb][et_pb_text _builder_version=\u00bb4.27.5&#8243; _module_preset=\u00bbdefault\u00bb hover_enabled=\u00bb0&#8243; border_radii=\u00bbon|9px|9px|9px|9px\u00bb global_colors_info=\u00bb{}\u00bb sticky_enabled=\u00bb0&#8243; custom_margin=\u00bb|0px||-35px|false|false\u00bb]<\/p>\n<div class=\"elementor-section elementor-top-section elementor-element elementor-element-5a43b1c5 elementor-section-boxed elementor-section-height-default elementor-section-height-default\" data-id=\"5a43b1c5\" data-element_type=\"section\" data-e-type=\"section\">\n<div class=\"elementor-container elementor-column-gap-default\">\n<div class=\"elementor-column elementor-col-100 elementor-top-column elementor-element elementor-element-7bfe0444 layouts-column-align-inherit layouts-section-position-none\" data-id=\"7bfe0444\" data-element_type=\"column\" data-e-type=\"column\">\n<div class=\"elementor-widget-wrap elementor-element-populated\">\n<div class=\"elementor-section elementor-inner-section elementor-element elementor-element-560b8d0 elementor-section-boxed elementor-section-height-default elementor-section-height-default\" data-id=\"560b8d0\" data-element_type=\"section\" data-e-type=\"section\">\n<div class=\"elementor-container elementor-column-gap-default\">\n<div class=\"elementor-column elementor-col-50 elementor-inner-column elementor-element elementor-element-49444d4 layouts-column-align-inherit layouts-section-position-none\" data-id=\"49444d4\" data-element_type=\"column\" data-e-type=\"column\">\n<div class=\"elementor-widget-wrap elementor-element-populated\">\n<div class=\"hf-elementor-layout elementor-element elementor-element-e05c25c elementor-widget elementor-widget-iqonic_fancybox\" data-id=\"e05c25c\" data-element_type=\"widget\" data-e-type=\"widget\" data-widget_type=\"iqonic_fancybox.default\">\n<div class=\"elementor-widget-container\">\n<div class=\"iq-fancy-box iq-fancy-box-style-7 text-center\">\n<div class=\"iq-fancy-box-content\">\n<h4 class=\"iq-fancy-title iq-heading-title\" style=\"text-align: left;\"><strong>Nuestra Visi\u00f3n<\/strong><\/h4>\n<p class=\"fancy-box-content\" style=\"text-align: left;\">EN EL CENTRO DE CAPACITACION DEL SUR buscamos ser una instituci\u00f3n l\u00edder dentro de la Gesti\u00f3n Integral del Riesgo, convirti\u00e9ndose en el 2025 como la empresa de capacitaci\u00f3n l\u00edder por la excelencia y calidad a nivel nacional como regional, buscando siempre la confianza de nuestros usuarios fortalecida en nuestro trabajo y profesionalismo, con los m\u00e1s altos est\u00e1ndares de calidad. Convirti\u00e9ndose en una empresa destacada por sus servicios, siendo parte de los procesos de articulaci\u00f3n en convenios interinstitucionales tanto del sector p\u00fablico como el privado, de esta manera fortalecer el desarrollo econ\u00f3mico y social de nuestro pa\u00eds<\/p>\n<\/div>\n<\/div>\n<\/div>\n<\/div>\n<\/div>\n<\/div>\n<\/div>\n<\/div>\n<\/div>\n<\/div>\n<\/div>\n<\/div>\n<div class=\"elementor-section elementor-top-section elementor-element elementor-element-736e614c elementor-section-content-middle elementor-section-stretched elementor-section-boxed elementor-section-height-default elementor-section-height-default\" data-id=\"736e614c\" data-element_type=\"section\" data-e-type=\"section\" data-settings=\"{&quot;stretch_section&quot;:&quot;section-stretched&quot;,&quot;background_background&quot;:&quot;classic&quot;}\">\n<div class=\"elementor-container elementor-column-gap-default\">\n<div class=\"elementor-column elementor-col-50 elementor-top-column elementor-element elementor-element-bb43d38 layouts-column-align-inherit layouts-section-position-none\" data-id=\"bb43d38\" data-element_type=\"column\" data-e-type=\"column\">\n<div class=\"elementor-widget-wrap elementor-element-populated\">\n<div class=\"hf-elementor-layout elementor-element elementor-element-06c78d4 elementor-absolute elementor-hidden-tablet elementor-hidden-phone elementor-widget elementor-widget-Iq_scrolling_text\" data-id=\"06c78d4\" data-element_type=\"widget\" data-e-type=\"widget\" data-settings=\"{&quot;_position&quot;:&quot;absolute&quot;}\" data-widget_type=\"Iq_scrolling_text.default\">\n<div class=\"elementor-widget-container\">\n<div class=\"scrolling-text\" id=\"iq-text1549585080699e14ded87e8\"><\/div>\n<\/div>\n<\/div>\n<\/div>\n<\/div>\n<\/div>\n<\/div>\n<p>[\/et_pb_text][\/et_pb_column][\/et_pb_row][\/et_pb_section][et_pb_section fb_built=\u00bb1&#8243; _builder_version=\u00bb4.27.5&#8243; _module_preset=\u00bbdefault\u00bb hover_enabled=\u00bb0&#8243; global_colors_info=\u00bb{}\u00bb use_background_color_gradient=\u00bbon\u00bb background_enable_mask_style=\u00bbon\u00bb background_mask_style=\u00bbcorner-square\u00bb sticky_enabled=\u00bb0&#8243; background_enable_color=\u00bboff\u00bb background_color_gradient_stops=\u00bb#2b87da 0%|#8300e9 99%\u00bb][et_pb_row _builder_version=\u00bb4.27.5&#8243; _module_preset=\u00bbdefault\u00bb global_colors_info=\u00bb{}\u00bb][et_pb_column type=\u00bb4_4&#8243; _builder_version=\u00bb4.27.5&#8243; _module_preset=\u00bbdefault\u00bb global_colors_info=\u00bb{}\u00bb][et_pb_heading title=\u00bbSomos una Empresa 100 % Nari\u00f1ense \u00bb _builder_version=\u00bb4.27.5&#8243; _module_preset=\u00bbdefault\u00bb hover_enabled=\u00bb0&#8243; global_colors_info=\u00bb{}\u00bb title_text_color=\u00bb#8300E9&#8243; sticky_enabled=\u00bb0&#8243; text_shadow_style=\u00bbpreset2&#8243; text_shadow_horizontal_length=\u00bb0em\u00bb][\/et_pb_heading][\/et_pb_column][\/et_pb_row][\/et_pb_section]<\/p>\n","protected":false},"excerpt":{"rendered":"<p>Nuestra Misi\u00f3n EL CENTRO DE CAPACITACION DEL SUR tiene como misi\u00f3n capacitar, formar y crear conciencia, para que diferentes profesionales de la salud y la comunidad en general adquiera habilidades y refuerce sus conocimientos en la atenci\u00f3n primaria y avanzada de un paciente a nivel intra-hospitalario con pre-hospitalario, en el cual se identifique que est\u00e1 [&hellip;]<\/p>\n","protected":false},"author":1,"featured_media":0,"parent":0,"menu_order":0,"comment_status":"closed","ping_status":"closed","template":"","meta":{"_et_pb_use_builder":"on","_et_pb_old_content":"","_et_gb_content_width":"","footnotes":""},"class_list":["post-41","page","type-page","status-publish","hentry"],"_links":{"self":[{"href":"https:\/\/www.ieducativa.revistacitrico.com\/index.php\/wp-json\/wp\/v2\/pages\/41","targetHints":{"allow":["GET"]}}],"collection":[{"href":"https:\/\/www.ieducativa.revistacitrico.com\/index.php\/wp-json\/wp\/v2\/pages"}],"about":[{"href":"https:\/\/www.ieducativa.revistacitrico.com\/index.php\/wp-json\/wp\/v2\/types\/page"}],"author":[{"embeddable":true,"href":"https:\/\/www.ieducativa.revistacitrico.com\/index.php\/wp-json\/wp\/v2\/users\/1"}],"replies":[{"embeddable":true,"href":"https:\/\/www.ieducativa.revistacitrico.com\/index.php\/wp-json\/wp\/v2\/comments?post=41"}],"version-history":[{"count":4,"href":"https:\/\/www.ieducativa.revistacitrico.com\/index.php\/wp-json\/wp\/v2\/pages\/41\/revisions"}],"predecessor-version":[{"id":241586,"href":"https:\/\/www.ieducativa.revistacitrico.com\/index.php\/wp-json\/wp\/v2\/pages\/41\/revisions\/241586"}],"wp:attachment":[{"href":"https:\/\/www.ieducativa.revistacitrico.com\/index.php\/wp-json\/wp\/v2\/media?parent=41"}],"curies":[{"name":"wp","href":"https:\/\/api.w.org\/{rel}","templated":true}]}}